{"id":265,"date":"2023-06-01T08:41:00","date_gmt":"2023-06-01T08:41:00","guid":{"rendered":"http:\/\/florianfiebelkorn.com\/?page_id=265"},"modified":"2024-10-31T15:07:47","modified_gmt":"2024-10-31T15:07:47","slug":"impressum","status":"publish","type":"page","link":"https:\/\/florianfiebelkorn.com\/en\/impressum\/","title":{"rendered":"Imprint and Credits"},"content":{"rendered":"<div data-elementor-type=\"wp-page\" data-elementor-id=\"265\" class=\"elementor elementor-265\" data-elementor-post-type=\"page\">\n\t\t\t\t<div class=\"elementor-element elementor-element-cdf685c e-flex e-con-boxed e-con e-parent\" data-id=\"cdf685c\" data-element_type=\"container\" data-e-type=\"container\">\n\t\t\t\t\t<div class=\"e-con-inner\">\n\t\t<div class=\"elementor-element elementor-element-f480e35 e-con-full e-flex e-con e-child\" data-id=\"f480e35\" data-element_type=\"container\" data-e-type=\"container\" data-settings=\"{&quot;background_background&quot;:&quot;classic&quot;}\">\n\t\t\t\t<div class=\"elementor-element elementor-element-1ccdcc5 elementor-view-stacked elementor-position-inline-start elementor-tablet-position-block-start elementor-shape-circle elementor-mobile-position-block-start elementor-widget elementor-widget-icon-box\" data-id=\"1ccdcc5\" data-element_type=\"widget\" data-e-type=\"widget\" data-widget_type=\"icon-box.default\">\n\t\t\t\t<div class=\"elementor-widget-container\">\n\t\t\t\t\t\t\t<div class=\"elementor-icon-box-wrapper\">\n\n\t\t\t\t\t\t<div class=\"elementor-icon-box-icon\">\n\t\t\t\t<span  class=\"elementor-icon\">\n\t\t\t\t<svg xmlns=\"http:\/\/www.w3.org\/2000\/svg\" id=\"Ebene_1\" data-name=\"Ebene 1\" viewbox=\"0 0 120.22 120.22\"><path d=\"m66.34,27.25c11.87.61,21.59,5.77,30.02,13.73,4.56,4.3,8.13,9.33,10.83,15.01,1.89,3.96,2.33,8.33,3.79,12.41,1.22,3.4,1.78,7.02,2.6,10.53,1.16,4.98-.9,9.1-4.75,12.46-4.15,3.62-9.17,5.05-14.34,6.13-13.19,2.76-26.53,4.69-39.82,6.92-11.33,1.91-22.7,3.52-34.2,3.92-1.29.05-2.58.1-3.87.03-3.94-.21-6.85-2.99-7.7-6.91-1.38-6.31-2.32-12.67-2.53-19.13-.14-4.11.17-8.23,1.15-12.22.75-3.06,1.48-6.13,2.49-9.14,2.86-8.55,8.54-14.65,15.98-19.35,3.17-2,6.32-4.05,9.54-5.97,2.41-1.44,3.38-3.4,2.9-6.19-.23-1.37-.49-2.77-.2-4.19.62-3.03,2.14-4.17,4.98-3.16,1.73.61,2.75.77,4.16-.82,2.02-2.27,4.08-2.13,6.33.26,1.03,1.1,1.61.99,2.56.21,1.77-1.44,3.77-2.35,6.09-2.37,3.79-.04,5.55,2.33,4.5,5.98-.19.65-.74,1.22-.49,1.87Zm-16.19-3.34c-1.12.52-1.55,1.44-1.81,2.51-.4,1.63-1.49,1.63-2.69.97-.82-.45-1.51-1.12-2.32-1.57-1.21-.67-1.8-.31-1.68.99.05.58.29,1.14.36,1.72.39,3.47-.45,6.29-3.29,8.74-2.71,2.33-5.68,4.12-8.76,5.77-11.02,5.93-16.86,15.28-19.1,27.43-1.68,9.06-1.05,17.92.59,26.85,1.27,6.89,2.29,7.81,9.19,7.69,5.75-.1,11.43-.95,17.13-1.54,4.53-.46,9.05-1.14,13.54-1.89,8.54-1.42,17.05-3,25.6-4.39,7.15-1.16,14.34-2.2,21.34-4.17,3.42-.96,6.55-2.41,9.19-4.89,2.67-2.49,3.55-5.43,2.69-8.91-.99-3.97-2.1-7.91-3.04-11.9-1.19-5.03-2.83-9.81-5.49-14.33-5.99-10.18-14.75-16.67-25.67-20.69-3.07-1.13-6.15-1.26-9.31-1.43-3.49-.19-4.72-2.15-3.58-5.46.11-.33.27-.65.42-.97.25-.56.43-1.13-.14-1.58-.41-.32-.89-.19-1.33-.01-2.05.84-4.12,1.61-6.01,2.83-2.51,1.62-3.36,1.36-5.09-1.11-.19-.27-.5-.45-.74-.65Z\"><\/path><path d=\"m57.68,69.93c1.1-.9.69-1.84,1.03-2.56.34-.72.92-1,1.68-.98.85.02,1.23.56,1.35,1.32.17,1.16.18,2.34-.16,3.46-.9,2.96-3.77,3.68-6,1.53-1.02-.98-1.75-2.17-2.21-3.51-.26-.78-.51-1.66.4-2.17.82-.46,1.55-.16,2.11.61.53.74,1.12,1.44,1.8,2.29Z\"><\/path><path d=\"m40.55,42.57c.06-.25.1-.74.31-1.13,1.17-2.14,2.35-4.28,3.61-6.37.49-.81,1.23-1.51,2.31-.93,1.1.59.91,1.48.43,2.39-1.14,2.16-2.28,4.32-3.46,6.46-.22.39-.56.77-.94,1.01-.96.62-2.19-.06-2.28-1.44Z\"><\/path><path d=\"m50.59,38.11c-.08-1.78.02-2.91,1.38-3.05,1.13-.12,1.52.87,1.79,1.78.56,1.88,1.15,3.76,1.6,5.67.25,1.05.14,2.23-1.07,2.62-1.32.42-1.9-.71-2.22-1.67-.65-1.97-1.11-3.99-1.48-5.35Z\"><\/path><path d=\"m65.82,40.14c-.4.99-1.21,1.6-2.14.91-2.15-1.6-4.08-3.48-5.55-5.75-.33-.51-.23-1.13.27-1.6.47-.45,1.19-.68,1.6-.32,2.09,1.83,4.3,3.55,5.72,6.02.11.18.06.45.1.74Z\"><\/path><path d=\"m46.64,60.32c1.4.07,2.91,1.76,2.76,3.08-.16,1.44-1.5,2.64-2.84,2.54-1.34-.1-2.9-1.53-2.86-2.62.06-1.38,1.71-3.06,2.93-3Z\"><\/path><path d=\"m66.73,63.06c-1.29,0-2.54-1.16-2.47-2.38.09-1.46,1.01-2.31,2.34-2.62,1.05-.24,2.3,1.13,2.39,2.46.09,1.26-1.05,2.53-2.27,2.54Z\"><\/path><\/svg>\t\t\t\t<\/span>\n\t\t\t<\/div>\n\t\t\t\n\t\t\t\t\t\t<div class=\"elementor-icon-box-content\">\n\n\t\t\t\t\t\t\t\t\t<h3 class=\"elementor-icon-box-title\">\n\t\t\t\t\t\t<span  >\n\t\t\t\t\t\t\tImprint and Credits\t\t\t\t\t\t<\/span>\n\t\t\t\t\t<\/h3>\n\t\t\t\t\n\t\t\t\t\n\t\t\t<\/div>\n\t\t\t\n\t\t<\/div>\n\t\t\t\t\t\t<\/div>\n\t\t\t\t<\/div>\n\t\t\t\t<div class=\"elementor-element elementor-element-22139f7 elementor-widget elementor-widget-text-editor\" data-id=\"22139f7\" data-element_type=\"widget\" data-e-type=\"widget\" data-widget_type=\"text-editor.default\">\n\t\t\t\t<div class=\"elementor-widget-container\">\n\t\t\t\t\t\t\t\t\t<h3>Information pursuant to Sect. 5 German Telemedia Act (TMG)<\/h3>\n<p>Florian Fiebelkorn<br>Anna-Gastvogel-Stra\u00dfe 15C<br>49080 Osnabr\u00fcck<\/p>\n<h3>Contact<\/h3>\n<p class=\"translation-block\">Phone: +49 (0) 541-969-3511<br>E-mail: florian.fiebelkorn@uos.de<\/p>\n<h3>Person responsible for editorial<\/h3>\n<p>Florian Fiebelkorn<br>Heinrichstrasse 60<br>49080 Osnabr\u00fcck<\/p>\n<h3>Design and illustration<\/h3>\n<p>Ronja Overl\u00e4nder<br>Typeface: Montserrat (Julieta Ulanovsky)<br>Fotos: Claudia H\u00f6hne, Sebastian Holt, Alexandra Polina,&nbsp;Jens Raddatz,&nbsp;Christoph Steinweg<\/p>\t\t\t\t\t\t\t\t<\/div>\n\t\t\t\t<\/div>\n\t\t\t\t<\/div>\n\t\t\t\t\t<\/div>\n\t\t\t\t<\/div>\n\t\t\t\t<\/div>","protected":false},"excerpt":{"rendered":"<p>Impressum und Credits Angaben gem\u00e4\u00df \u00a7 5 TMG Florian FiebelkornAnna-Gastvogel-Stra\u00dfe 15C49080 Osnabr\u00fcck Kontakt Telefon: +49 (0) 541-969-3511E-Mail: florian.fiebelkorn@uos.de Redaktionell verantwortlich Florian FiebelkornHeinrichstra\u00dfe 6049080 Osnabr\u00fcck Gestaltung und Illustration Ronja Overl\u00e4nderSchrift: Montserrat (Julieta Ulanovsky)Fotos: Claudia H\u00f6hne, Sebastian Holt, Alexandra Polina,&nbsp;Jens Raddatz,&nbsp;Christoph Steinweg<\/p>","protected":false},"author":1,"featured_media":0,"parent":0,"menu_order":0,"comment_status":"closed","ping_status":"closed","template":"elementor_header_footer","meta":{"footnotes":"","_links_to":"","_links_to_target":""},"class_list":["post-265","page","type-page","status-publish","hentry"],"yoast_head":"<!-- This site is optimized with the Yoast SEO plugin v27.3 - https:\/\/yoast.com\/product\/yoast-seo-wordpress\/ -->\n<title>Impressum und Credits - Florian Fiebelkorn<\/title>\n<meta name=\"robots\" content=\"index, follow, max-snippet:-1, max-image-preview:large, max-video-preview:-1\" \/>\n<link rel=\"canonical\" href=\"https:\/\/florianfiebelkorn.com\/en\/impressum\/\" \/>\n<meta property=\"og:locale\" content=\"en_US\" \/>\n<meta property=\"og:type\" content=\"article\" \/>\n<meta property=\"og:title\" content=\"Impressum und Credits - Florian Fiebelkorn\" \/>\n<meta property=\"og:description\" content=\"Impressum und Credits Angaben gem\u00e4\u00df \u00a7 5 TMG Florian FiebelkornAnna-Gastvogel-Stra\u00dfe 15C49080 Osnabr\u00fcck Kontakt Telefon: +49 (0) 541-969-3511E-Mail: florian.fiebelkorn@uos.de Redaktionell verantwortlich Florian FiebelkornHeinrichstra\u00dfe 6049080 Osnabr\u00fcck Gestaltung und Illustration Ronja Overl\u00e4nderSchrift: Montserrat (Julieta Ulanovsky)Fotos: Claudia H\u00f6hne, Sebastian Holt, Alexandra Polina,&nbsp;Jens Raddatz,&nbsp;Christoph Steinweg\" \/>\n<meta property=\"og:url\" content=\"https:\/\/florianfiebelkorn.com\/en\/impressum\/\" \/>\n<meta property=\"og:site_name\" content=\"Florian Fiebelkorn\" \/>\n<meta property=\"article:modified_time\" content=\"2024-10-31T15:07:47+00:00\" \/>\n<meta name=\"twitter:card\" content=\"summary_large_image\" \/>\n<meta name=\"twitter:label1\" content=\"Est. reading time\" \/>\n\t<meta name=\"twitter:data1\" content=\"1 minute\" \/>\n<script type=\"application\/ld+json\" class=\"yoast-schema-graph\">{\"@context\":\"https:\\\/\\\/schema.org\",\"@graph\":[{\"@type\":\"WebPage\",\"@id\":\"https:\\\/\\\/florianfiebelkorn.com\\\/impressum\\\/\",\"url\":\"https:\\\/\\\/florianfiebelkorn.com\\\/impressum\\\/\",\"name\":\"Impressum und Credits - Florian Fiebelkorn\",\"isPartOf\":{\"@id\":\"https:\\\/\\\/florianfiebelkorn.com\\\/#website\"},\"datePublished\":\"2023-06-01T08:41:00+00:00\",\"dateModified\":\"2024-10-31T15:07:47+00:00\",\"breadcrumb\":{\"@id\":\"https:\\\/\\\/florianfiebelkorn.com\\\/impressum\\\/#breadcrumb\"},\"inLanguage\":\"en-US\",\"potentialAction\":[{\"@type\":\"ReadAction\",\"target\":[\"https:\\\/\\\/florianfiebelkorn.com\\\/impressum\\\/\"]}]},{\"@type\":\"BreadcrumbList\",\"@id\":\"https:\\\/\\\/florianfiebelkorn.com\\\/impressum\\\/#breadcrumb\",\"itemListElement\":[{\"@type\":\"ListItem\",\"position\":1,\"name\":\"Startseite\",\"item\":\"https:\\\/\\\/florianfiebelkorn.com\\\/\"},{\"@type\":\"ListItem\",\"position\":2,\"name\":\"Impressum und Credits\"}]},{\"@type\":\"WebSite\",\"@id\":\"https:\\\/\\\/florianfiebelkorn.com\\\/#website\",\"url\":\"https:\\\/\\\/florianfiebelkorn.com\\\/\",\"name\":\"Florian Fiebelkorn\",\"description\":\"Wissenschaft und Kommunikation\",\"publisher\":{\"@id\":\"https:\\\/\\\/florianfiebelkorn.com\\\/#\\\/schema\\\/person\\\/cff6bb49f751a2e1af8fbf482efacbdc\"},\"alternateName\":\"Flo Fiebelkorn\",\"potentialAction\":[{\"@type\":\"SearchAction\",\"target\":{\"@type\":\"EntryPoint\",\"urlTemplate\":\"https:\\\/\\\/florianfiebelkorn.com\\\/?s={search_term_string}\"},\"query-input\":{\"@type\":\"PropertyValueSpecification\",\"valueRequired\":true,\"valueName\":\"search_term_string\"}}],\"inLanguage\":\"en-US\"},{\"@type\":[\"Person\",\"Organization\"],\"@id\":\"https:\\\/\\\/florianfiebelkorn.com\\\/#\\\/schema\\\/person\\\/cff6bb49f751a2e1af8fbf482efacbdc\",\"name\":\"Florian\",\"image\":{\"@type\":\"ImageObject\",\"inLanguage\":\"en-US\",\"@id\":\"https:\\\/\\\/florianfiebelkorn.com\\\/wp-content\\\/uploads\\\/2023\\\/08\\\/Florian-Fiebelkorn_12-scaled.jpg\",\"url\":\"https:\\\/\\\/florianfiebelkorn.com\\\/wp-content\\\/uploads\\\/2023\\\/08\\\/Florian-Fiebelkorn_12-scaled.jpg\",\"contentUrl\":\"https:\\\/\\\/florianfiebelkorn.com\\\/wp-content\\\/uploads\\\/2023\\\/08\\\/Florian-Fiebelkorn_12-scaled.jpg\",\"width\":1707,\"height\":2560,\"caption\":\"Florian\"},\"logo\":{\"@id\":\"https:\\\/\\\/florianfiebelkorn.com\\\/wp-content\\\/uploads\\\/2023\\\/08\\\/Florian-Fiebelkorn_12-scaled.jpg\"},\"description\":\"Forschung und Wissenschaftskommunikation zu nachhaltiger Ern\u00e4hrung, Fleischalternativen und dem Schutz von Biodiversit\u00e4t.\",\"sameAs\":[\"http:\\\/\\\/florianfiebelkorn.com\",\"https:\\\/\\\/www.linkedin.com\\\/in\\\/florian-fiebelkorn-61a277261\\\/\"]}]}<\/script>\n<!-- \/ Yoast SEO plugin. -->","yoast_head_json":{"title":"Imprint and Credits - Florian Fiebelkorn","robots":{"index":"index","follow":"follow","max-snippet":"max-snippet:-1","max-image-preview":"max-image-preview:large","max-video-preview":"max-video-preview:-1"},"canonical":"https:\/\/florianfiebelkorn.com\/en\/impressum\/","og_locale":"en_US","og_type":"article","og_title":"Impressum und Credits - Florian Fiebelkorn","og_description":"Impressum und Credits Angaben gem\u00e4\u00df \u00a7 5 TMG Florian FiebelkornAnna-Gastvogel-Stra\u00dfe 15C49080 Osnabr\u00fcck Kontakt Telefon: +49 (0) 541-969-3511E-Mail: florian.fiebelkorn@uos.de Redaktionell verantwortlich Florian FiebelkornHeinrichstra\u00dfe 6049080 Osnabr\u00fcck Gestaltung und Illustration Ronja Overl\u00e4nderSchrift: Montserrat (Julieta Ulanovsky)Fotos: Claudia H\u00f6hne, Sebastian Holt, Alexandra Polina,&nbsp;Jens Raddatz,&nbsp;Christoph Steinweg","og_url":"https:\/\/florianfiebelkorn.com\/en\/impressum\/","og_site_name":"Florian Fiebelkorn","article_modified_time":"2024-10-31T15:07:47+00:00","twitter_card":"summary_large_image","twitter_misc":{"Est. reading time":"1 minute"},"schema":{"@context":"https:\/\/schema.org","@graph":[{"@type":"WebPage","@id":"https:\/\/florianfiebelkorn.com\/impressum\/","url":"https:\/\/florianfiebelkorn.com\/impressum\/","name":"Imprint and Credits - Florian Fiebelkorn","isPartOf":{"@id":"https:\/\/florianfiebelkorn.com\/#website"},"datePublished":"2023-06-01T08:41:00+00:00","dateModified":"2024-10-31T15:07:47+00:00","breadcrumb":{"@id":"https:\/\/florianfiebelkorn.com\/impressum\/#breadcrumb"},"inLanguage":"en-US","potentialAction":[{"@type":"ReadAction","target":["https:\/\/florianfiebelkorn.com\/impressum\/"]}]},{"@type":"BreadcrumbList","@id":"https:\/\/florianfiebelkorn.com\/impressum\/#breadcrumb","itemListElement":[{"@type":"ListItem","position":1,"name":"Startseite","item":"https:\/\/florianfiebelkorn.com\/"},{"@type":"ListItem","position":2,"name":"Impressum und Credits"}]},{"@type":"WebSite","@id":"https:\/\/florianfiebelkorn.com\/#website","url":"https:\/\/florianfiebelkorn.com\/","name":"Florian Fiebelkorn","description":"Wissenschaft und Kommunikation","publisher":{"@id":"https:\/\/florianfiebelkorn.com\/#\/schema\/person\/cff6bb49f751a2e1af8fbf482efacbdc"},"alternateName":"Flo Fiebelkorn","potentialAction":[{"@type":"SearchAction","target":{"@type":"EntryPoint","urlTemplate":"https:\/\/florianfiebelkorn.com\/?s={search_term_string}"},"query-input":{"@type":"PropertyValueSpecification","valueRequired":true,"valueName":"search_term_string"}}],"inLanguage":"en-US"},{"@type":["Person","Organization"],"@id":"https:\/\/florianfiebelkorn.com\/#\/schema\/person\/cff6bb49f751a2e1af8fbf482efacbdc","name":"Florian","image":{"@type":"ImageObject","inLanguage":"en-US","@id":"https:\/\/florianfiebelkorn.com\/wp-content\/uploads\/2023\/08\/Florian-Fiebelkorn_12-scaled.jpg","url":"https:\/\/florianfiebelkorn.com\/wp-content\/uploads\/2023\/08\/Florian-Fiebelkorn_12-scaled.jpg","contentUrl":"https:\/\/florianfiebelkorn.com\/wp-content\/uploads\/2023\/08\/Florian-Fiebelkorn_12-scaled.jpg","width":1707,"height":2560,"caption":"Florian"},"logo":{"@id":"https:\/\/florianfiebelkorn.com\/wp-content\/uploads\/2023\/08\/Florian-Fiebelkorn_12-scaled.jpg"},"description":"Research and science communication on sustainable nutrition, meat alternatives and the protection of biodiversity.","sameAs":["http:\/\/florianfiebelkorn.com","https:\/\/www.linkedin.com\/in\/florian-fiebelkorn-61a277261\/"]}]}},"_links":{"self":[{"href":"https:\/\/florianfiebelkorn.com\/en\/wp-json\/wp\/v2\/pages\/265","targetHints":{"allow":["GET"]}}],"collection":[{"href":"https:\/\/florianfiebelkorn.com\/en\/wp-json\/wp\/v2\/pages"}],"about":[{"href":"https:\/\/florianfiebelkorn.com\/en\/wp-json\/wp\/v2\/types\/page"}],"author":[{"embeddable":true,"href":"https:\/\/florianfiebelkorn.com\/en\/wp-json\/wp\/v2\/users\/1"}],"replies":[{"embeddable":true,"href":"https:\/\/florianfiebelkorn.com\/en\/wp-json\/wp\/v2\/comments?post=265"}],"version-history":[{"count":63,"href":"https:\/\/florianfiebelkorn.com\/en\/wp-json\/wp\/v2\/pages\/265\/revisions"}],"predecessor-version":[{"id":6591,"href":"https:\/\/florianfiebelkorn.com\/en\/wp-json\/wp\/v2\/pages\/265\/revisions\/6591"}],"wp:attachment":[{"href":"https:\/\/florianfiebelkorn.com\/en\/wp-json\/wp\/v2\/media?parent=265"}],"curies":[{"name":"wp","href":"https:\/\/api.w.org\/{rel}","templated":true}]}}